{"id":892,"date":"2024-03-01T22:41:53","date_gmt":"2024-03-01T21:41:53","guid":{"rendered":"https:\/\/alarrachefestival.fr\/?page_id=892"},"modified":"2026-01-26T16:55:13","modified_gmt":"2026-01-26T15:55:13","slug":"billetterie","status":"publish","type":"page","link":"https:\/\/alarrachefestival.fr\/index.php\/billetterie\/","title":{"rendered":"Billetterie"},"content":{"rendered":"\t\t<div data-elementor-type=\"wp-page\" data-elementor-id=\"892\" class=\"elementor elementor-892\">\n\t\t\t\t\t\t\t\t\t<section class=\"elementor-section elementor-top-section elementor-element elementor-element-5f3a760 elementor-section-boxed elementor-section-height-default elementor-section-height-default\" data-id=\"5f3a760\" data-element_type=\"section\">\n\t\t\t\t\t\t<div class=\"elementor-container elementor-column-gap-default\">\n\t\t\t\t\t<div class=\"elementor-column elementor-col-100 elementor-top-column elementor-element elementor-element-be66715\" data-id=\"be66715\" data-element_type=\"column\">\n\t\t\t<div class=\"elementor-widget-wrap elementor-element-populated\">\n\t\t\t\t\t\t\t\t<div class=\"elementor-element elementor-element-4cb51d2 elementor-widget elementor-widget-text-editor\" data-id=\"4cb51d2\" data-element_type=\"widget\" data-widget_type=\"text-editor.default\">\n\t\t\t\t<div class=\"elementor-widget-container\">\n\t\t\t<style>\/*! elementor - v3.12.1 - 02-04-2023 *\/\n.elementor-widget-text-editor.elementor-drop-cap-view-stacked .elementor-drop-cap{background-color:#69727d;color:#fff}.elementor-widget-text-editor.elementor-drop-cap-view-framed .elementor-drop-cap{color:#69727d;border:3px solid;background-color:transparent}.elementor-widget-text-editor:not(.elementor-drop-cap-view-default) .elementor-drop-cap{margin-top:8px}.elementor-widget-text-editor:not(.elementor-drop-cap-view-default) .elementor-drop-cap-letter{width:1em;height:1em}.elementor-widget-text-editor .elementor-drop-cap{float:left;text-align:center;line-height:1;font-size:50px}.elementor-widget-text-editor .elementor-drop-cap-letter{display:inline-block}<\/style>\t\t\t\t<h2 style=\"text-align: center;\"><span style=\"color: #ff9900;\">Venez f\u00eater avec nous la 5\u00e8me \u00e9dition du Festival !\u00a0<\/span><\/h2><div style=\"text-align: center;\">Vous pourrez bient\u00f4t prendre vos billets pour un soir ou deux et profitez de tarifs r\u00e9duits.<\/div><div style=\"text-align: center;\"><span style=\"color: var( --e-global-color-text ); font-family: var( --e-global-typography-text-font-family ), Sans-serif; font-weight: var( --e-global-typography-text-font-weight ); font-size: var(--wp--preset--font-size--normal);\">\u00a0<\/span><\/div><div style=\"text-align: center;\"><span style=\"color: #ff9900;\">\u2193 Les billets c&#8217;est par ici \u2193<\/span><span style=\"color: var( --e-global-color-text ); font-family: var( --e-global-typography-text-font-family ), Sans-serif; font-weight: var( --e-global-typography-text-font-weight ); font-size: var(--wp--preset--font-size--normal);\"><br \/><\/span><\/div><p style=\"text-align: center;\">\u00a0<\/p>\t\t\t\t\t\t<\/div>\n\t\t\t\t<\/div>\n\t\t\t\t<div class=\"elementor-element elementor-element-c41d779 elementor-widget elementor-widget-html\" data-id=\"c41d779\" data-element_type=\"widget\" data-widget_type=\"html.default\">\n\t\t\t\t<div class=\"elementor-widget-container\">\n\t\t\t<iframe id=\"haWidget\" allowtransparency=\"true\" src=\"https:\/\/www.helloasso.com\/associations\/la-fabrik-artistique\/evenements\/a-l-arrache-festival-5\/widget\" style=\"width: 100%; border: none;\" onload=\"window.addEventListener( 'message', function(e) { const dataHeight = e.data.height; const haWidgetElement = document.getElementById('haWidget'); haWidgetElement.height = dataHeight + 'px'; } )\" ><\/iframe>\t\t<\/div>\n\t\t\t\t<\/div>\n\t\t\t\t\t<\/div>\n\t\t<\/div>\n\t\t\t\t\t\t\t<\/div>\n\t\t<\/section>\n\t\t\t\t\t\t\t<\/div>\n\t\t","protected":false},"excerpt":{"rendered":"<p> [&hellip;]<\/p>\n","protected":false},"author":5,"featured_media":0,"parent":0,"menu_order":0,"comment_status":"closed","ping_status":"closed","template":"","meta":{"footnotes":""},"class_list":["post-892","page","type-page","status-publish","hentry"],"yoast_head":"<!-- This site is optimized with the Yoast SEO plugin v27.4 - https:\/\/yoast.com\/product\/yoast-seo-wordpress\/ -->\n<title>Billetterie - A L&#039;ARRACHE FESTIVAL<\/title>\n<meta name=\"robots\" content=\"index, follow, max-snippet:-1, max-image-preview:large, max-video-preview:-1\" \/>\n<link rel=\"canonical\" href=\"https:\/\/alarrachefestival.fr\/index.php\/billetterie\/\" \/>\n<meta property=\"og:locale\" content=\"fr_FR\" \/>\n<meta property=\"og:type\" content=\"article\" \/>\n<meta property=\"og:title\" content=\"Billetterie - A L&#039;ARRACHE FESTIVAL\" \/>\n<meta property=\"og:description\" content=\"[&hellip;]\" \/>\n<meta property=\"og:url\" content=\"https:\/\/alarrachefestival.fr\/index.php\/billetterie\/\" \/>\n<meta property=\"og:site_name\" content=\"A L&#039;ARRACHE FESTIVAL\" \/>\n<meta property=\"article:modified_time\" content=\"2026-01-26T15:55:13+00:00\" \/>\n<meta name=\"twitter:card\" content=\"summary_large_image\" \/>\n<meta name=\"twitter:label1\" content=\"Dur\u00e9e de lecture estim\u00e9e\" \/>\n\t<meta name=\"twitter:data1\" content=\"1 minute\" \/>\n<script type=\"application\/ld+json\" class=\"yoast-schema-graph\">{\"@context\":\"https:\\\/\\\/schema.org\",\"@graph\":[{\"@type\":\"WebPage\",\"@id\":\"https:\\\/\\\/alarrachefestival.fr\\\/index.php\\\/billetterie\\\/\",\"url\":\"https:\\\/\\\/alarrachefestival.fr\\\/index.php\\\/billetterie\\\/\",\"name\":\"Billetterie - A L&#039;ARRACHE FESTIVAL\",\"isPartOf\":{\"@id\":\"https:\\\/\\\/alarrachefestival.fr\\\/#website\"},\"datePublished\":\"2024-03-01T21:41:53+00:00\",\"dateModified\":\"2026-01-26T15:55:13+00:00\",\"breadcrumb\":{\"@id\":\"https:\\\/\\\/alarrachefestival.fr\\\/index.php\\\/billetterie\\\/#breadcrumb\"},\"inLanguage\":\"fr-FR\",\"potentialAction\":[{\"@type\":\"ReadAction\",\"target\":[\"https:\\\/\\\/alarrachefestival.fr\\\/index.php\\\/billetterie\\\/\"]}]},{\"@type\":\"BreadcrumbList\",\"@id\":\"https:\\\/\\\/alarrachefestival.fr\\\/index.php\\\/billetterie\\\/#breadcrumb\",\"itemListElement\":[{\"@type\":\"ListItem\",\"position\":1,\"name\":\"Accueil\",\"item\":\"https:\\\/\\\/alarrachefestival.fr\\\/\"},{\"@type\":\"ListItem\",\"position\":2,\"name\":\"Billetterie\"}]},{\"@type\":\"WebSite\",\"@id\":\"https:\\\/\\\/alarrachefestival.fr\\\/#website\",\"url\":\"https:\\\/\\\/alarrachefestival.fr\\\/\",\"name\":\"A L&#039;ARRACHE FESTIVAL\",\"description\":\"D\u00e9couvrez le festival \u00e0 l&#039;arrache !\",\"publisher\":{\"@id\":\"https:\\\/\\\/alarrachefestival.fr\\\/#organization\"},\"potentialAction\":[{\"@type\":\"SearchAction\",\"target\":{\"@type\":\"EntryPoint\",\"urlTemplate\":\"https:\\\/\\\/alarrachefestival.fr\\\/?s={search_term_string}\"},\"query-input\":{\"@type\":\"PropertyValueSpecification\",\"valueRequired\":true,\"valueName\":\"search_term_string\"}}],\"inLanguage\":\"fr-FR\"},{\"@type\":\"Organization\",\"@id\":\"https:\\\/\\\/alarrachefestival.fr\\\/#organization\",\"name\":\"A l'Arrache Festival\",\"url\":\"https:\\\/\\\/alarrachefestival.fr\\\/\",\"logo\":{\"@type\":\"ImageObject\",\"inLanguage\":\"fr-FR\",\"@id\":\"https:\\\/\\\/alarrachefestival.fr\\\/#\\\/schema\\\/logo\\\/image\\\/\",\"url\":\"https:\\\/\\\/alarrachefestival.fr\\\/wp-content\\\/uploads\\\/2023\\\/01\\\/logo-larrache.png\",\"contentUrl\":\"https:\\\/\\\/alarrachefestival.fr\\\/wp-content\\\/uploads\\\/2023\\\/01\\\/logo-larrache.png\",\"width\":2089,\"height\":1329,\"caption\":\"A l'Arrache Festival\"},\"image\":{\"@id\":\"https:\\\/\\\/alarrachefestival.fr\\\/#\\\/schema\\\/logo\\\/image\\\/\"}}]}<\/script>\n<!-- \/ Yoast SEO plugin. -->","yoast_head_json":{"title":"Billetterie - A L&#039;ARRACHE FESTIVAL","robots":{"index":"index","follow":"follow","max-snippet":"max-snippet:-1","max-image-preview":"max-image-preview:large","max-video-preview":"max-video-preview:-1"},"canonical":"https:\/\/alarrachefestival.fr\/index.php\/billetterie\/","og_locale":"fr_FR","og_type":"article","og_title":"Billetterie - A L&#039;ARRACHE FESTIVAL","og_description":"[&hellip;]","og_url":"https:\/\/alarrachefestival.fr\/index.php\/billetterie\/","og_site_name":"A L&#039;ARRACHE FESTIVAL","article_modified_time":"2026-01-26T15:55:13+00:00","twitter_card":"summary_large_image","twitter_misc":{"Dur\u00e9e de lecture estim\u00e9e":"1 minute"},"schema":{"@context":"https:\/\/schema.org","@graph":[{"@type":"WebPage","@id":"https:\/\/alarrachefestival.fr\/index.php\/billetterie\/","url":"https:\/\/alarrachefestival.fr\/index.php\/billetterie\/","name":"Billetterie - A L&#039;ARRACHE FESTIVAL","isPartOf":{"@id":"https:\/\/alarrachefestival.fr\/#website"},"datePublished":"2024-03-01T21:41:53+00:00","dateModified":"2026-01-26T15:55:13+00:00","breadcrumb":{"@id":"https:\/\/alarrachefestival.fr\/index.php\/billetterie\/#breadcrumb"},"inLanguage":"fr-FR","potentialAction":[{"@type":"ReadAction","target":["https:\/\/alarrachefestival.fr\/index.php\/billetterie\/"]}]},{"@type":"BreadcrumbList","@id":"https:\/\/alarrachefestival.fr\/index.php\/billetterie\/#breadcrumb","itemListElement":[{"@type":"ListItem","position":1,"name":"Accueil","item":"https:\/\/alarrachefestival.fr\/"},{"@type":"ListItem","position":2,"name":"Billetterie"}]},{"@type":"WebSite","@id":"https:\/\/alarrachefestival.fr\/#website","url":"https:\/\/alarrachefestival.fr\/","name":"A L&#039;ARRACHE FESTIVAL","description":"D\u00e9couvrez le festival \u00e0 l&#039;arrache !","publisher":{"@id":"https:\/\/alarrachefestival.fr\/#organization"},"potentialAction":[{"@type":"SearchAction","target":{"@type":"EntryPoint","urlTemplate":"https:\/\/alarrachefestival.fr\/?s={search_term_string}"},"query-input":{"@type":"PropertyValueSpecification","valueRequired":true,"valueName":"search_term_string"}}],"inLanguage":"fr-FR"},{"@type":"Organization","@id":"https:\/\/alarrachefestival.fr\/#organization","name":"A l'Arrache Festival","url":"https:\/\/alarrachefestival.fr\/","logo":{"@type":"ImageObject","inLanguage":"fr-FR","@id":"https:\/\/alarrachefestival.fr\/#\/schema\/logo\/image\/","url":"https:\/\/alarrachefestival.fr\/wp-content\/uploads\/2023\/01\/logo-larrache.png","contentUrl":"https:\/\/alarrachefestival.fr\/wp-content\/uploads\/2023\/01\/logo-larrache.png","width":2089,"height":1329,"caption":"A l'Arrache Festival"},"image":{"@id":"https:\/\/alarrachefestival.fr\/#\/schema\/logo\/image\/"}}]}},"_links":{"self":[{"href":"https:\/\/alarrachefestival.fr\/index.php\/wp-json\/wp\/v2\/pages\/892","targetHints":{"allow":["GET"]}}],"collection":[{"href":"https:\/\/alarrachefestival.fr\/index.php\/wp-json\/wp\/v2\/pages"}],"about":[{"href":"https:\/\/alarrachefestival.fr\/index.php\/wp-json\/wp\/v2\/types\/page"}],"author":[{"embeddable":true,"href":"https:\/\/alarrachefestival.fr\/index.php\/wp-json\/wp\/v2\/users\/5"}],"replies":[{"embeddable":true,"href":"https:\/\/alarrachefestival.fr\/index.php\/wp-json\/wp\/v2\/comments?post=892"}],"version-history":[{"count":20,"href":"https:\/\/alarrachefestival.fr\/index.php\/wp-json\/wp\/v2\/pages\/892\/revisions"}],"predecessor-version":[{"id":1356,"href":"https:\/\/alarrachefestival.fr\/index.php\/wp-json\/wp\/v2\/pages\/892\/revisions\/1356"}],"wp:attachment":[{"href":"https:\/\/alarrachefestival.fr\/index.php\/wp-json\/wp\/v2\/media?parent=892"}],"curies":[{"name":"wp","href":"https:\/\/api.w.org\/{rel}","templated":true}]}}